{"id":1192,"date":"2019-04-30T14:04:00","date_gmt":"2019-04-30T14:04:00","guid":{"rendered":"http:\/\/www.mandarinaduckfragrances.com\/privacy-policy\/"},"modified":"2024-08-26T09:53:48","modified_gmt":"2024-08-26T09:53:48","slug":"privacy-policy","status":"publish","type":"page","link":"https:\/\/www.mandarinaduckfragrances.com\/it\/privacy-policy\/","title":{"rendered":"Privacy Policy"},"content":{"rendered":"<div style=\"margin: 10px\">\n<div class=\"text-center\">\n<h4><strong>WEBSITE PRIVACY POLICY<\/strong><\/h4>\n<p>Ultimo aggiornamento: Novembre 2023<\/p>\n<p>La presente informativa \u00e8 resa ai sensi dell\u2019<strong>articolo 13<\/strong> del Regolamento (UE) 2016\/679 (il \u201c<strong>Regolamento<\/strong>\u201d o \u201c<strong>GDPR<\/strong>\u201d) a coloro che navigano sul sito internet di seguito indicato:<\/p>\n<p><a href=\"https:\/\/www.mandarinaduckfragrances.com\">https:\/\/www.mandarinaduckfragrances.com<\/a><\/p>\n<p>(il \u201c<strong>Sito Web<\/strong>\u201d)<\/p>\n<p>L\u2019informativa descrive il trattamento dei dati personali dei visitatori del Sito Web. Pertanto, \u00e8 <strong>escluso<\/strong> ogni sito internet a cui il visitatore potr\u00e0 essere reindirizzato tramite link eventualmente disponibili all\u2019interno del Sito Web. Al fine di conoscere i dettagli relativi al trattamento dei dati personali effettuati da tali siti web di terze parti esterni la invitiamo a prendere visione delle relative privacy policy.<\/p>\n<\/p><\/div>\n<div>\n<p><strong>1. CHI \u00c8 IL TITOLARE DEL TRATTAMENTO?<\/strong><\/p>\n<\/div>\n<table>\n<tr>\n<td width=\"10%\"><img width=\"100%\" src=\"\/wp-content\/uploads\/2023\/12\/privacy_policy_icon_1.png\"><\/td>\n<td>\n<p><strong>AB Parfums S.P.A.<\/strong>, con sede legale in Via Melchiorre Gioia n. 8, 20124, Milano (MI), in persona del suo legale rappresentante pro tempore \u00e8 il titolare del trattamento dei tuoi dati personali (\u201c<strong>AB Parfums S.P.A.<\/strong>\u201d o il \u201c<strong>Titolare<\/strong>\u201d).<br \/>Puoi contattare il Titolare all\u2019indirizzo e-mail <a href=\"mailto:privacy.ita@angelinibeauty.it\">privacy.ita@angelinibeauty.it<\/a>.<\/p>\n<\/td>\n<\/tr>\n<\/table>\n<div>\n<p><strong>2. CHI \u00c8 IL DATA PROTECTION OFFICER?<\/strong><\/p>\n<\/div>\n<table>\n<tr>\n<td width=\"10%\"><img width=\"100%\" src=\"\/wp-content\/uploads\/2023\/12\/privacy_policy_icon_2.png\"><\/td>\n<td>\n<p>Il Titolare ha designato un responsabile della protezione dei dati (\u201c<strong>Data Protection Officer<\/strong>\u201d o \u201c<strong>DPO<\/strong>\u201d). Puoi contattare il DPO via e-mail al seguente indirizzo di posta elettronica: <a href=\"mailto:dpo@angelinibeauty.com\">dpo@angelinibeauty.com<\/a>.<\/p>\n<\/td>\n<\/tr>\n<\/table>\n<div>\n<p><strong>3. COS\u2019\u00c9 IL DATO PERSONALE?<\/strong><\/p>\n<\/div>\n<table>\n<tr>\n<td width=\"10%\"><img width=\"100%\" src=\"\/wp-content\/uploads\/2023\/12\/privacy_policy_icon_3.png\"><\/td>\n<td>\n<p>\u201c<strong>Dato Personale<\/strong>\u201d significa qualsiasi informazione idonea a identificare, direttamente o indirettamente, una persona fisica, in questo caso, tu che navighi sul Sito Web.<\/p>\n<\/td>\n<\/tr>\n<\/table>\n<div>\n<p><strong>4. QUALI DATI PERSONALI TRATTIAMO? CHI \u00c8 L\u2019INTERESSATO DEL TRATTAMENTO?<\/strong><\/p>\n<\/div>\n<table>\n<tr>\n<td width=\"10%\"><img width=\"100%\" src=\"\/wp-content\/uploads\/2023\/12\/privacy_policy_icon_4a.png\"><\/p>\n<p><img width=\"100%\" src=\"\/wp-content\/uploads\/2023\/12\/privacy_policy_icon_4b.png\"><\/td>\n<td>\n<p>Per le finalit\u00e0 meglio descritte di seguito, AB Parfums S.P.A. tratta i seguenti <strong>dati personali comuni<\/strong>; in particolare:<br \/>\u2022 l\u2019indirizzo IP, il nome a dominio e l\u2019URL del dispositivo utilizzato;<br \/>\u2022 dati di geolocalizzazione, tipo di browser e di sistema operativo;<br \/>\u2022 i dati di navigazione (e.g., numero di visite al Sito Web e tempo trascorso sul Sito Web);<br \/>\u2022 la cronologia di navigazione.<\/p>\n<p>Gli interessati sono <strong>coloro che navigano il Sito Web<\/strong>.<\/p>\n<\/td>\n<\/tr>\n<\/table>\n<div>\n<p><strong>5. QUALI SONO LE FINALIT\u00c0 DI TRATTAMENTO E LA RELATIVA BASE GIURIDICA?<\/strong><\/p>\n<\/div>\n<div>\n<p>AB Parfums S.P.A. tratter\u00e0 i tuoi dati personali per le finalit\u00e0 e sulla base delle condizioni di liceit\u00e0 indicate all\u2019interno della tabella sotto:<\/p>\n<\/div>\n<table>\n<tr>\n<td width=\"10%\"><\/td>\n<td width=\"40%\">\n<p><strong>Finalit\u00e0 del trattamento<\/strong><\/p>\n<\/td>\n<td width=\"40%\">\n<p><strong>Base giuridica<\/strong><\/p>\n<\/td>\n<\/tr>\n<\/table>\n<table>\n<tr>\n<td width=\"10%\"><img width=\"100%\" src=\"\/wp-content\/uploads\/2023\/12\/privacy_policy_icon_5a.png\"><\/td>\n<td width=\"40%\">\n<p><strong>Gestione del Sito web<\/strong><\/p>\n<p>Attivit\u00e0 relative alla <strong>corretta gestione<\/strong> del Sito Web per consentirti di navigare il portale, inclusi <strong>interventi che migliorano e ottimizzano<\/strong> la navigazione da parte dei visitatori.<\/p>\n<\/td>\n<td width=\"40%\">\n<p>Il trattamento dei dati personali \u00e8 basato sul <strong>legittimo interesse<\/strong> del Titolare.<\/p>\n<p><u>(Art. 6, (1) (f) GDPR)<\/u><\/p>\n<\/td>\n<\/tr>\n<\/table>\n<table>\n<tr>\n<td width=\"10%\"><img width=\"100%\" src=\"\/wp-content\/uploads\/2023\/12\/privacy_policy_icon_5c.png\"><\/td>\n<td width=\"40%\">\n<p><strong>Compliance normativa<\/strong><\/p>\n<p><strong>Adempimento<\/strong> di obblighi previsti dalla legge, da regolamenti o impartiti da Autorit\u00e0 di controllo o vigilanza.<\/p>\n<\/td>\n<td width=\"40%\">\n<p>Adempimento di un obbligo di legge in capo al Titolare.<\/p>\n<p><u>(Art. 6, par. 1, lett. (c), GDPR)<\/u><\/p>\n<\/td>\n<\/tr>\n<\/table>\n<table>\n<tr>\n<td width=\"10%\"><img width=\"100%\" src=\"\/wp-content\/uploads\/2023\/12\/privacy_policy_icon_5d.png\"><\/td>\n<td width=\"40%\">\n<p><strong>Tutela dei diritti<\/strong><\/p>\n<p>Difesa del Titolare in <strong>sede giudiziaria<\/strong> o <strong>stragiudiziale<\/strong> e in <strong>procedure amministrative<\/strong>.<\/p>\n<\/td>\n<td width=\"40%\">\n<p>Il legittimo interesse del Titolare di tutelare i propri diritti<\/p>\n<p><u>(Art. 6, par. 1, lett. (f), GDPR)<\/u><\/p>\n<\/td>\n<\/tr>\n<\/table>\n<div>\n<p><strong>6. A CHI COMUNICHIAMO I TUOI DATI?<\/strong><\/p>\n<\/div>\n<table>\n<tr>\n<td width=\"10%\"><img width=\"100%\" src=\"\/wp-content\/uploads\/2023\/12\/privacy_policy_icon_6.png\"><\/td>\n<td>\n<p>I tuoi dati personali potranno essere comunicati ai <strong>fornitori ingaggiati da AB Parfums S.P.A.<\/strong> per la <strong>manutenzione<\/strong> e <strong>gestione<\/strong> del Sito Web.<\/p>\n<p>Inoltre, i tuoi dati potranno essere trasmessi ad <strong>Angelini Holding S.p.A.<\/strong>, societ\u00e0 capogruppo del gruppo Angelini Industries che offre dei servizi (tra cui quelli ICT) a beneficio delle societ\u00e0 controllate, tra cui AB Parfums S.P.A..<\/p>\n<p>Tali soggetti operano in qualit\u00e0 di <strong>Responsabili del trattamento<\/strong> ex art. 28, GDPR, sulla base delle istruzioni fornite dal Titolare e degli accordi appositamente conclusi.<\/p>\n<p>Ove richiesto ai sensi di legge, i tuoi dati potrebbero essere comunicati, altres\u00ec, ad altre societ\u00e0, <strong>Autorit\u00e0 competenti<\/strong> o <strong>Enti Pubblici<\/strong> localizzati all\u2019interno dello Spazio Economico Europeo, che li tratteranno per proprie finalit\u00e0 in qualit\u00e0 di autonomi titolari del trattamento.<\/p>\n<\/td>\n<\/tr>\n<\/table>\n<div>\n<p><strong>7. PER QUANTO TEMPO CONSERVIAMO I TUOI DATI?<\/strong><\/p>\n<\/div>\n<table>\n<tr>\n<td width=\"10%\"><img width=\"100%\" src=\"\/wp-content\/uploads\/2023\/12\/privacy_policy_icon_7.png\"><\/td>\n<td>\n<p>I tuoi dati personali sono conservati nel rispetto del principio di <strong>proporzionalit\u00e0<\/strong> e <strong>limitazione del trattamento<\/strong> fino al raggiungimento delle finalit\u00e0 di trattamento qui descritte. In particolare:<\/p>\n<p>\u2022 <strong><u>Gestione del Sito Web<\/u><\/strong>: i tuoi dati saranno conservati per il tempo strettamente necessario allo svolgimento delle attivit\u00e0 di gestione e ottimizzazione del Sito Web;<br \/>\u2022 <strong><u>Adempimento di un obbligo di legge\/Difesa dei diritti<\/u><\/strong>: i tuoi dati saranno conservati per il tempo strettamente necessario a dare seguito a eventuali obblighi di legge o di regolamento a carico del Titolare e\/o necessario alla difesa dei diritti in giudizio;<\/p>\n<p>Ci riserviamo il diritto di conservare i dati c.d. di log per periodi superiori, al fine di poter gestire eventuali <strong>reati commessi ai danni del Sito Web<\/strong> (e.g., hacking).<\/p>\n<p>Al termine del periodo descritto sopra, i tuoi dati personali saranno definitivamente <strong>cancellati<\/strong> o comunque <strong>resi anonimi<\/strong> in via irreversibile.<\/p>\n<\/td>\n<\/tr>\n<\/table>\n<div>\n<p><strong>8. QUALI SONO I SUOI DIRITTI IN QUALIT\u00c0 DI INTERESSATO DEL TRATTAMENTO?<\/strong><\/p>\n<\/div>\n<table>\n<tr>\n<td width=\"10%\"><img width=\"100%\" src=\"\/wp-content\/uploads\/2023\/12\/privacy_policy_icon_8a.png\"><\/p>\n<p><img width=\"100%\" src=\"\/wp-content\/uploads\/2023\/12\/privacy_policy_icon_8b.png\"><\/td>\n<td>\n<p>Tu, in qualit\u00e0 di interessato del trattamento, ha il diritto di:<\/p>\n<p>\u2022 <strong>accedere<\/strong> ai dati personali e richiedere <strong>copia<\/strong> degli stessi;<br \/>\u2022 chiedere la <strong>rettifica<\/strong> o l\u2019<strong>aggiornamento<\/strong> dei dati, ove inesatti o incompleti;<br \/>\u2022 domandare, al ricorrere di talune circostanze, la <strong>cancellazione<\/strong> dei dati ovvero la <strong>limitazione<\/strong> del trattamento degli stessi;<br \/>\u2022 richiedere la <strong>portabilit\u00e0<\/strong> dei Dati;<br \/>\u2022 opporsi al trattamento degli stessi (ove applicabile).<\/p>\n<p>Scrivi una e-mail al Titolare (<a href=\"mailto:privacy.ita@angelinibeauty.it\">privacy.ita@angelinibeauty.it<\/a>) oppure al DPO (<a href=\"mailto:dpo@angelinibeauty.it\">dpo@angelinibeauty.it<\/a>) per esercitare i tuoi diritti.<\/p>\n<p>Inoltre, potrai in qualsiasi momento, presentare un <strong>reclamo<\/strong> al Garante per la protezione dei dati personali (Piazza Venezia 11, 00187, Roma, Italia, Telefono: +3906696771, E-mail: protocollo@gpdp.it, www.garanteprivacy.it) sulle modalit\u00e0 di trattamento dei tuoi dati personali.<\/p>\n<\/td>\n<\/tr>\n<\/table>\n<div>\n<p><strong>9. QUALI COOKIE UTILIZZIAMO SUL SITO WEB?<\/strong><\/p>\n<\/div>\n<table>\n<tr>\n<td width=\"10%\"><img width=\"100%\" src=\"\/wp-content\/uploads\/2023\/12\/privacy_policy_icon_9.png\"><\/td>\n<td>\n<p>I Cookie sono pacchetti di informazioni inviate da un web server (e.g., il sito) al browser Internet dell\u2019utente, da quest\u2019ultimo memorizzati automaticamente sul dispositivo e rinviati automaticamente al server ad ogni successivo accesso al sito.<\/p>\n<p>AB Parfums S.P.A. utilizza cookie tecnici, cookie analitici (anche di terze parti), cookie analitici assimilabili ai cookie tecnici e cookie di profilazione. Per saperne di pi\u00f9 <a href=\"\/it\/cookie-policy\/\">clicca qui<\/a> e consulta la nostra cookie policy.<\/p>\n<\/td>\n<\/tr>\n<\/table>\n<div>\n<p><strong>10. MODIFICHE A QUESTA PRIVACY POLICY<\/strong><\/p>\n<\/div>\n<table>\n<tr>\n<td width=\"10%\"><img width=\"100%\" src=\"\/wp-content\/uploads\/2023\/12\/privacy_policy_icon_10.png\"><\/td>\n<td>\n<p>AB Parfums S.P.A. potr\u00e0 rivedere il testo della presente privacy policy periodicamente e metter\u00e0 a tua disposizione la versione pi\u00f9 aggiornata.<\/p>\n<\/td>\n<\/tr>\n<\/table>\n<\/div>\n","protected":false},"excerpt":{"rendered":"WEBSITE PRIVACY POLICY Ultimo aggiornamento: Novembre 2023 La presente informativa&hellip;","protected":false},"author":6,"featured_media":0,"parent":0,"menu_order":0,"comment_status":"closed","ping_status":"closed","template":"","meta":[],"acf":[],"aioseo_notices":[],"_links":{"self":[{"href":"https:\/\/www.mandarinaduckfragrances.com\/it\/wp-json\/wp\/v2\/pages\/1192"}],"collection":[{"href":"https:\/\/www.mandarinaduckfragrances.com\/it\/wp-json\/wp\/v2\/pages"}],"about":[{"href":"https:\/\/www.mandarinaduckfragrances.com\/it\/wp-json\/wp\/v2\/types\/page"}],"author":[{"embeddable":true,"href":"https:\/\/www.mandarinaduckfragrances.com\/it\/wp-json\/wp\/v2\/users\/6"}],"replies":[{"embeddable":true,"href":"https:\/\/www.mandarinaduckfragrances.com\/it\/wp-json\/wp\/v2\/comments?post=1192"}],"version-history":[{"count":10,"href":"https:\/\/www.mandarinaduckfragrances.com\/it\/wp-json\/wp\/v2\/pages\/1192\/revisions"}],"predecessor-version":[{"id":2774,"href":"https:\/\/www.mandarinaduckfragrances.com\/it\/wp-json\/wp\/v2\/pages\/1192\/revisions\/2774"}],"wp:attachment":[{"href":"https:\/\/www.mandarinaduckfragrances.com\/it\/wp-json\/wp\/v2\/media?parent=1192"}],"curies":[{"name":"wp","href":"https:\/\/api.w.org\/{rel}","templated":true}]}}