{"id":997,"date":"2019-04-09T15:39:58","date_gmt":"2019-04-09T15:39:58","guid":{"rendered":"http:\/\/www.mandarinaduckfragrances.com\/mandarina-duck-since-1977\/"},"modified":"2020-04-28T09:27:58","modified_gmt":"2020-04-28T09:27:58","slug":"mandarina-duck-since-1977","status":"publish","type":"page","link":"https:\/\/www.mandarinaduckfragrances.com\/es\/mandarina-duck-since-1977\/","title":{"rendered":"Mandarina Duck since 1977"},"content":{"rendered":"<p>[vc_row equal_height=&#8221;yes&#8221; content_placement=&#8221;middle&#8221; css_animation=&#8221;fadeIn&#8221;][vc_column width=&#8221;1\/3&#8243;][vc_single_image image=&#8221;1380&#8243; img_size=&#8221;large&#8221;][\/vc_column][vc_column width=&#8221;2\/3&#8243;][vc_custom_heading text=&#8221;Mandarina Duck since 1977&#8243; font_container=&#8221;tag:h1|text_align:left&#8221; el_class=&#8221;page-title&#8221;][vc_column_text]Mandarina Duck, empresa de moda italiana especializada en peleter\u00eda y art\u00edculos de viaje, fue fundada en <strong>1977<\/strong> en <strong>Bolo\u00f1a<\/strong>.<\/p>\n<p>Desde sus comienzos, los <strong>tejidos innovadores, el dise\u00f1o, la funcionalidad y los colores vivos<\/strong> han sido factores clave de su \u00e9xito en un mercado de la peleter\u00eda monopolizado por productos convencionales y monocrom\u00e1ticos.<\/p>\n<p>Desde siempre, Mandarina Duck se distingue por la voluntad de <strong>experimentar con nuevos materiales<\/strong> y por la capacidad de dar respuesta a las exigencias de un <strong>estilo de vida en constante transformaci\u00f3n<\/strong>.[\/vc_column_text][\/vc_column][\/vc_row][vc_row css_animation=&#8221;fadeIn&#8221;][vc_column][vc_empty_space height=&#8221;3rem&#8221;][\/vc_column][\/vc_row][vc_row equal_height=&#8221;yes&#8221; content_placement=&#8221;middle&#8221; css_animation=&#8221;fadeIn&#8221;][vc_column width=&#8221;1\/3&#8243;][vc_single_image image=&#8221;1202&#8243; img_size=&#8221;large&#8221; alignment=&#8221;center&#8221; style=&#8221;vc_box_circle&#8221;][\/vc_column][vc_column width=&#8221;2\/3&#8243;][vc_column_text]<\/p>\n<h2>El Pato Mandarina<\/h2>\n<p><strong>El pato Mandarina<\/strong>, caracterizado por un plumaje de colores vivos y de los cuales deriva el <strong>icono de la marca<\/strong>, es un viajero inagotable y una fiel compa\u00f1\u00eda para toda la vida: <strong>representa a la perfecci\u00f3n los valores de Mandarina Duck<\/strong>.<\/p>\n<p><strong>El entusiasmo por los descubrimientos<\/strong> y la experimentaci\u00f3n, <strong>la pasi\u00f3n por la innovaci\u00f3n<\/strong> y la creatividad: estas son las claves de una marca de estilo contempor\u00e1neo que ofrece <strong>soluciones originales a un consumidor<\/strong> exigente, curioso, positivo y en constante movimiento.[\/vc_column_text][\/vc_column][\/vc_row][vc_row css_animation=&#8221;fadeIn&#8221;][vc_column][vc_empty_space height=&#8221;3rem&#8221;][\/vc_column][\/vc_row][vc_row equal_height=&#8221;yes&#8221; content_placement=&#8221;middle&#8221; css_animation=&#8221;fadeIn&#8221;][vc_column width=&#8221;1\/3&#8243;][vc_single_image image=&#8221;1344&#8243; img_size=&#8221;large&#8221;][\/vc_column][vc_column width=&#8221;2\/3&#8243;][vc_column_text]<\/p>\n<h2>The &#8220;Hybridizing&#8221; Urban Duck<\/h2>\n<p><strong>Creatividad, iron\u00eda e innovaci\u00f3n.<\/strong><\/p>\n<p>Mandarina Duck interpreta el <strong>estilo contempor\u00e1neo y <i>globetrotter<\/i><\/strong>, realizando productos h\u00edbridos y \u00fanicos, adecuados para cualquier tipo de viajero.<\/p>\n<p>\u00bfC\u00f3mo? Seleccionando <strong>materiales innovadores y tejidos especiales<\/strong> para dar vida a productos funcionales, valorizando un lenguaje y estilo contempor\u00e1neos.<\/p>\n<h3>\u00a1Mandarina Duck revoluciona los esquemas predeterminados, con estilo y pasi\u00f3n!<\/h3>\n<p>[\/vc_column_text][\/vc_column][\/vc_row]<\/p>\n","protected":false},"excerpt":{"rendered":"[vc_custom_heading text=&#8221;Mandarina Duck&hellip;","protected":false},"author":5,"featured_media":0,"parent":0,"menu_order":0,"comment_status":"closed","ping_status":"closed","template":"","meta":[],"acf":[],"aioseo_notices":[],"_links":{"self":[{"href":"https:\/\/www.mandarinaduckfragrances.com\/es\/wp-json\/wp\/v2\/pages\/997"}],"collection":[{"href":"https:\/\/www.mandarinaduckfragrances.com\/es\/wp-json\/wp\/v2\/pages"}],"about":[{"href":"https:\/\/www.mandarinaduckfragrances.com\/es\/wp-json\/wp\/v2\/types\/page"}],"author":[{"embeddable":true,"href":"https:\/\/www.mandarinaduckfragrances.com\/es\/wp-json\/wp\/v2\/users\/5"}],"replies":[{"embeddable":true,"href":"https:\/\/www.mandarinaduckfragrances.com\/es\/wp-json\/wp\/v2\/comments?post=997"}],"version-history":[{"count":12,"href":"https:\/\/www.mandarinaduckfragrances.com\/es\/wp-json\/wp\/v2\/pages\/997\/revisions"}],"predecessor-version":[{"id":1575,"href":"https:\/\/www.mandarinaduckfragrances.com\/es\/wp-json\/wp\/v2\/pages\/997\/revisions\/1575"}],"wp:attachment":[{"href":"https:\/\/www.mandarinaduckfragrances.com\/es\/wp-json\/wp\/v2\/media?parent=997"}],"curies":[{"name":"wp","href":"https:\/\/api.w.org\/{rel}","templated":true}]}}