{"id":2416,"date":"2022-10-03T13:24:03","date_gmt":"2022-10-03T13:24:03","guid":{"rendered":"https:\/\/www.mandarinaduckfragrances.com\/?page_id=2416"},"modified":"2024-08-26T09:59:32","modified_gmt":"2024-08-26T09:59:32","slug":"condiciones-de-uso","status":"publish","type":"page","link":"https:\/\/www.mandarinaduckfragrances.com\/es\/condiciones-de-uso\/","title":{"rendered":"Condiciones de Uso"},"content":{"rendered":"<p><strong>CONDICIONES DE USO<\/strong><\/p>\n<p>Te damos las gracias por haber visitado nuestro sitio https:\/\/www.mandarinaduckfragrances.com\/es\/ (en adelante \u201cSitio\u201d) administrado por AB Parfums S.P.A., con domicilio social en Milano, Via Melchiorre Gioia, 8 \u2013 20124 Milano, Italia, N\u00famero IVA MI03262350964, direcci\u00f3n de correo electr\u00f3nico info@angelinibeauty.it.<br \/>\nSeguidamente encontrar\u00e1s las condiciones que regulan el acceso y el uso del Sito por tu parte (en adelante \u201cCondiciones de Uso\u201d). Te invitamos a leerlas con atenci\u00f3n y, si necesitas m\u00e1s informaci\u00f3n, no dudes en ponerte en contacto con nosotros envi\u00e1ndonos un mensaje a la direcci\u00f3n info@angelinibeauty.it .<br \/>\nAdem\u00e1s, podr\u00e1s verificar la <a href=\"\/es\/cookie-policy\/\" target=\"_blank\" rel=\"noopener\">Pol\u00edtica de Cookies<\/a> y la <a href=\"\/es\/privacy-policy\/\" target=\"_blank\" rel=\"noopener\">Nota Informativa sobre la Privacidad<\/a> donde te explicamos el tipo de cookies utilizadas en este Sito y la modalidad y finalidad del tratamiento de tus datos personales.<br \/>\nTanto las presentes Condiciones de Uso, como la Nota Informativa sobre la Privacidad y la Pol\u00edtica de Cookies, no se aplican a los sitios web administrados por sujetos que no sean AB Parfums S.P.A. cuyos enlaces se encuentren el Sitio.<br \/>\nSi no estuvieras de acuerdo, total o parcialmente, con nuestras Condiciones de Uso, te rogamos que abandones la navegaci\u00f3n o el uso de los servicios del Sitio.<br \/>\nPara terminar, te se\u00f1alamos que el acceso al Sitio y el uso del mismo, incluida la visualizaci\u00f3n de las p\u00e1ginas web, las comunicaciones que establezcas con nosotros y, en la medida de lo posible, la posibilidad de descargar informaci\u00f3n referida a los productos, constituyen actividades dirigidas a nuestros clientes exclusivamente para sus fines personales, ajenas a cualquier tipo de actividad comercial, empresarial y profesional eventualmente llevada a cabo.<br \/>\nAB Parfums S.P.A. no podr\u00e1 considerarse de ninguna manera responsable del uso no conforme a la normativa en vigor del Sitio o de los contenidos por parte de sus usuarios.<\/p>\n<p><strong>Propiedad intelectual<\/strong><\/p>\n<p>Te informamos de que los contenidos, en cualquier formato, presentes en el Sitio, comprendidos textos, dise\u00f1o, gr\u00e1fica, colores, esquemas, instrumentos, caracteres, disposici\u00f3n, m\u00e9todos, procesos, funciones y software que forman parte del mismo, son propiedad de AB Parfums S.P.A. o de terceros licenciatarios. Est\u00e1 prohibida la reproducci\u00f3n, total o parcial, de cualquier forma, del Sitio y los contenidos relativos al mismo, sin el consentimiento expreso de AB Parfums S.P.A. o de los titulares de los derechos; adem\u00e1s queda prohibida la extracci\u00f3n o el uso sistem\u00e1tico de los contenidos presentes en el Sitio sin la autorizaci\u00f3n expresa de AB Parfums S.P.A..<br \/>\nLos logotipos, las marcas y todos los signos distintivos de los productos que se encuentran en el Sitio son marcas registradas pertenecientes a los respectivos titulares, cuya licencia ha sido concedida por los mismos a AB Parfums S.P.A., y son usados en el Sitio para distinguir, describir y publicitar dichos productos. Dichos logotipos, marcas y signos distintivos no pueden ser usados sin el consentimiento expreso de los respectivos titulares, ni siquiera para distinguir los productos o servicios, incluso los que no son afines a los de AB Parfums S.P.A. y el resto de los titulares de las marcas. Los titulares de marcas registradas tienen la facultad de usar en exclusiva las marcas de su respectiva titularidad.<br \/>\nAB Parfums S.P.A. posee la titularidad exclusiva de los logotipos y de las marcas registradas AB Parfums S.P.A. y Mandarina Duck Fragrances, y de cualquier otro signo distintivo que las incluya, comprendido el nombre del dominio \u201cangelinibeuty\u201d. Est\u00e1 prohibido cualquier uso no autorizado de los signos distintivos propiedad de AB Parfums S.P.A., adem\u00e1s del uso referido a productos o servicios que no correspondan a AB Parfums S.P.A., o que en todo caso pueda causar confusi\u00f3n a la clientela o pueda generar da\u00f1os o desacreditar a AB Parfums S.P.A..<br \/>\nAB Parfums S.P.A., como titular de los derechos de uso exclusivo del Sitio, se reserva el derecho a interrumpir o suspender tu acceso o uso del Sitio, sin previo aviso, si se pudiera considerar razonablemente la violaci\u00f3n por tu parte de las presentes Condiciones de Uso del Sitio o si dicha decisi\u00f3n fuera estimada necesaria por razones de seguridad.<\/p>\n<p><strong>Link a sitios y contenidos de terceros<\/strong><\/p>\n<p>El Sitio puede incluir enlaces a sitios externos con la \u00fanica finalidad de facilitar la conexi\u00f3n hipertextual a dichos sitios (por ejemplo, sitios e-comerce de partners comerciales o de terceros), para consentir la localizaci\u00f3n y la adquisici\u00f3n de los productos presentes en el Sitio. El Sitio adem\u00e1s puede incluir, usar o consentir la visualizaci\u00f3n de contenidos creados por terceros, informaci\u00f3n proveniente de fuentes p\u00fablicas y\/o enlaces a p\u00e1ginas web.<br \/>\nDe manera particular, con referencia a los enlaces a sitios externos, te precisamos que no se realiza ning\u00fan tipo de control, ni se ofrece ning\u00fan tipo de garant\u00eda, respecto a la modalidad de prestaci\u00f3n de servicios y de tratamiento de datos personales por parte de los mismos. As\u00ed pues, te invitamos a prestar atenci\u00f3n cuando te conectes a dichos sitios web mediante los enlaces presentes en el Sitio y a leer atentamente sus condiciones de uso y de venta, adem\u00e1s de la Pol\u00edtica de Privacidad de dichos sitios. AB Parfums S.P.A. de ninguna manera podr\u00e1 ser considerada parte de una relaci\u00f3n de consumo que se pudiera crear con sitios externos para la compra de los productos publicados en el Sitio, relaci\u00f3n que ser\u00e1 regulada por condiciones y t\u00e9rminos de servicio y venta propios del sito externo y a los cuales ajenos a AB Parfums S.P.A..<br \/>\nPor lo tanto, te indicamos que los eventuales enlaces o referencias a sitios o contenidos de terceros, no representan ni podr\u00e1n ser interpretados de ninguna manera como una aprobaci\u00f3n ni una garant\u00eda por parte de AB Parfums S.P.A. de dichos sitios o contenidos, objeto de la relativa conexi\u00f3n o referencia.<br \/>\nAB Parfums S.P.A. se exime de toda responsabilidad por cualquier tipo de p\u00e9rdida o da\u00f1o en los que puedas incurrir tras el acceso, el uso, o la aceptaci\u00f3n de los contenidos de terceros por tu parte, que sea causado por cualquier tipo de compra de productos o est\u00e9 relacionado con la misma, o bien por servicios puestos a disposici\u00f3n en sitios externos.<\/p>\n<p><strong>Enlaces a este Sitio <\/strong><\/p>\n<p>Es posible crear un enlace a nuestra p\u00e1gina principal, siempre que se realice de manera leg\u00edtima y correcta, sin que ello cause da\u00f1os a la reputaci\u00f3n del Sitio, de AB Parfums S.P.A. o de sus licenciatarios, titulares de los derechos de los contenidos del Sitio, y sin que ninguno obtenga una ventaja comercial indebida.<br \/>\nEn todo caso, se entiende que la conexi\u00f3n no deber\u00e1 sugerir de ning\u00fan modo la existencia de ning\u00fan tipo de relaci\u00f3n, aprobaci\u00f3n o apoyo por parte de AB Parfums S.P.A..<br \/>\nSin perjuicio de lo anteriormente indicado, ninguna parte de este Sitio puede ser reproducida en otro Sitio, ni puede ser creada una conexi\u00f3n a ninguna parte del mismo diversa de la p\u00e1gina principal.<\/p>\n<p><strong>Modificaciones de los contenidos del Sitio<\/strong><\/p>\n<p>El Sitio tiene una finalidad puramente informativa y de promoci\u00f3n de los productos presentes en el mismo. Precisamos que las im\u00e1genes y la informaci\u00f3n presentes en el Sito, aunque est\u00e9n cuidadosamente tratadas, tienen una finalidad puramente ilustrativa del tipo y calidad de los productos, por lo cual AB Parfums S.P.A. no podr\u00e1 ser llamada a responder de eventuales da\u00f1os en caso de diferencias o modificaciones entre los productos y sus im\u00e1genes y las descripciones de texto publicadas en el Sitio.<br \/>\nEn cualquier caso, AB Parfums S.P.A., podr\u00eda modificar la informaci\u00f3n presente en el Sitio sin ninguna necesidad de previo aviso al usuario.<\/p>\n<p><strong>Modificaci\u00f3n de las Condiciones de uso<\/strong><\/p>\n<p>AB Parfums S.P.A. se reserva el derecho a modificar las presentes Condiciones de uso por motivos justificados, como el desarrollo de los servicios, la variaci\u00f3n de los costes t\u00e9cnicos y comerciales sostenidos para la prestaci\u00f3n de los servicios y\/o un cambio del contexto competitivo que tenga impacto sobre el uso del Sitio y sus servicios, adem\u00e1s de por exigencias t\u00e9cnicas o de gesti\u00f3n que pudieran surgir y\/o por modificaci\u00f3n de la disciplina de aplicaci\u00f3n.<br \/>\nDesde este momento, se entiende que las disposiciones imperativas de car\u00e1cter normativo y reglamentario que conllevan modificaciones o integraciones de la disciplina contenida en las condiciones de uso quedar\u00e1n integradas autom\u00e1ticamente y de derecho en las mismas.<\/p>\n<p><strong>Legislaci\u00f3n aplicable y foro competente en las controversias<\/strong><\/p>\n<p>Las presentes Condiciones est\u00e1n reguladas y deben ser interpretadas de acuerdo con la legislaci\u00f3n italiana. En tu calidad de consumidor, ser\u00e1 competente para conocer de las controversias relativas al presente contrato, el Tribunal del lugar de tu residencia o domicilio.<br \/>\nAdem\u00e1s, te informamos que la Comisi\u00f3n Europea ofrece una plataforma para la resoluci\u00f3n alternativa extrajudicial de las mismas, a la cual se accede en el sitio http:\/\/ec.europa.eu\/odr, que podr\u00e1s utilizar en caso de controversias derivadas de las presentes Condiciones de Uso.<\/p>\n<p><strong>C\u00f3mo ponerte en contacto con ANTELINI BEAUTY<\/strong><\/p>\n<p>Si necesitas ponerte en contacto con nosotros, para obtener informaci\u00f3n o comunicarnos observaciones o indicaciones referidas a los contenidos de este Sitio, puedes enviar una comunicaci\u00f3n a la direcci\u00f3n de correo electr\u00f3nico info@agelinibeauty.it<\/p>\n","protected":false},"excerpt":{"rendered":"CONDICIONES DE USO Te damos las gracias por haber visitado&hellip;","protected":false},"author":6,"featured_media":0,"parent":0,"menu_order":0,"comment_status":"closed","ping_status":"closed","template":"","meta":[],"acf":[],"aioseo_notices":[],"_links":{"self":[{"href":"https:\/\/www.mandarinaduckfragrances.com\/es\/wp-json\/wp\/v2\/pages\/2416"}],"collection":[{"href":"https:\/\/www.mandarinaduckfragrances.com\/es\/wp-json\/wp\/v2\/pages"}],"about":[{"href":"https:\/\/www.mandarinaduckfragrances.com\/es\/wp-json\/wp\/v2\/types\/page"}],"author":[{"embeddable":true,"href":"https:\/\/www.mandarinaduckfragrances.com\/es\/wp-json\/wp\/v2\/users\/6"}],"replies":[{"embeddable":true,"href":"https:\/\/www.mandarinaduckfragrances.com\/es\/wp-json\/wp\/v2\/comments?post=2416"}],"version-history":[{"count":3,"href":"https:\/\/www.mandarinaduckfragrances.com\/es\/wp-json\/wp\/v2\/pages\/2416\/revisions"}],"predecessor-version":[{"id":2781,"href":"https:\/\/www.mandarinaduckfragrances.com\/es\/wp-json\/wp\/v2\/pages\/2416\/revisions\/2781"}],"wp:attachment":[{"href":"https:\/\/www.mandarinaduckfragrances.com\/es\/wp-json\/wp\/v2\/media?parent=2416"}],"curies":[{"name":"wp","href":"https:\/\/api.w.org\/{rel}","templated":true}]}}